{"id":3583,"date":"2024-03-19T15:23:56","date_gmt":"2024-03-19T14:23:56","guid":{"rendered":"http:\/\/localhost\/rever\/?post_type=product&#038;p=3583"},"modified":"2024-12-05T18:10:22","modified_gmt":"2024-12-05T17:10:22","slug":"forte-dei-marmi","status":"publish","type":"product","link":"https:\/\/www.reversrl.it\/new\/prodotto\/forte-dei-marmi\/","title":{"rendered":"Forte dei Marmi"},"content":{"rendered":"<p>Struttura: acciaio verniciato con corde oppure con tessuto<br \/>\nImbottitura: tecnorev<br \/>\nTessuti: cat. A,A1,B,B1,B2,C,C1,C2,C3,D,D1,D2,D3,E<br \/>\nFinitura: 01,02,03,04,05,06,07,08,09<br \/>\nCorde piatte: 01,03,07,08,10,11,13,14,15,16, velluto<br \/>\nAccessori: cuscini d\u2019arredo<\/p>\n\r\n        <div class=\"modelViewerBlock\" data-attributes='{&quot;align&quot;:&quot;center&quot;,&quot;uniqueId&quot;:&quot;model4800&quot;,&quot;currentViewer&quot;:&quot;O3DViewer&quot;,&quot;multiple&quot;:false,&quot;model&quot;:{&quot;modelUrl&quot;:&quot;https:\\\/\\\/www.reversrl.it\\\/new\\\/wp-content\\\/uploads\\\/2024\\\/03\\\/FORTE-DEI-MARMI-DIVANO-TESSUTO.obj&quot;,&quot;poster&quot;:&quot;&quot;},&quot;O3DVSettings&quot;:{&quot;isFullscreen&quot;:true,&quot;isPagination&quot;:false,&quot;isNavigation&quot;:true,&quot;camera&quot;:null,&quot;mouseControl&quot;:true},&quot;models&quot;:[],&quot;lazyLoad&quot;:false,&quot;loading&quot;:&quot;auto&quot;,&quot;autoplay&quot;:false,&quot;shadow&quot;:true,&quot;autoRotate&quot;:false,&quot;zoom&quot;:true,&quot;isPagination&quot;:false,&quot;isNavigation&quot;:true,&quot;preload&quot;:&quot;auto&quot;,&quot;rotationPerSecond&quot;:&quot;30&quot;,&quot;mouseControl&quot;:true,&quot;fullscreen&quot;:true,&quot;variant&quot;:false,&quot;loadingPercentage&quot;:false,&quot;progressBar&quot;:true,&quot;rotate&quot;:false,&quot;rotateAlongX&quot;:&quot;0&quot;,&quot;rotateAlongY&quot;:&quot;75&quot;,&quot;exposure&quot;:&quot;1&quot;,&quot;styles&quot;:{&quot;width&quot;:&quot;200%&quot;,&quot;height&quot;:&quot;520px&quot;,&quot;bgColor&quot;:&quot;transparent&quot;,&quot;progressBarColor&quot;:&quot;&quot;},&quot;stylesheet&quot;:null,&quot;additional&quot;:{&quot;ID&quot;:&quot;&quot;,&quot;Class&quot;:&quot;&quot;,&quot;CSS&quot;:&quot;&quot;},&quot;animation&quot;:false,&quot;woo&quot;:false,&quot;selectedAnimation&quot;:&quot;&quot;}'><\/div>\r\n\r\n        \n","protected":false},"excerpt":{"rendered":"<p><strong>design by Marco Piva<\/strong><\/p>\n<p>Il componibile Forte dei Marmi della Collezione Versilia \u00e8 altamente dinamico grazie alla sua modularit\u00e0 dettata da pi\u00f9 elementi liberamente accostabili, caratterizzato da tessuti morbidi e da forme accoglienti. I cromatismi rimandano alla colorazione naturale del mare in un susseguirsi continuo con le distese di sabbia chiara, elementi che elegantemente fanno da sfondo ad un contesto rilassante e al contempo suggestivo, capace di mutare a seconda delle necessit\u00e0 d\u2019uso. Lo schienale \u00e8 elemento di originalit\u00e0, uscendo dagli schemi delle sedute tradizionali per proporre un sistema di intrecci in corda o in tessuto, posto a sorreggere le cuscinature e a decorare la struttura portante in metallo.<\/p>\n","protected":false},"featured_media":3824,"comment_status":"open","ping_status":"closed","template":"","meta":[],"product_cat":[53],"product_tag":[54,58],"class_list":{"0":"post-3583","1":"product","2":"type-product","3":"status-publish","4":"has-post-thumbnail","6":"product_cat-divani","7":"product_tag-divani","8":"product_tag-forte-dei-marmi","10":"first","11":"instock","12":"shipping-taxable","13":"product-type-simple"},"_links":{"self":[{"href":"https:\/\/www.reversrl.it\/new\/wp-json\/wp\/v2\/product\/3583","targetHints":{"allow":["GET"]}}],"collection":[{"href":"https:\/\/www.reversrl.it\/new\/wp-json\/wp\/v2\/product"}],"about":[{"href":"https:\/\/www.reversrl.it\/new\/wp-json\/wp\/v2\/types\/product"}],"replies":[{"embeddable":true,"href":"https:\/\/www.reversrl.it\/new\/wp-json\/wp\/v2\/comments?post=3583"}],"wp:featuredmedia":[{"embeddable":true,"href":"https:\/\/www.reversrl.it\/new\/wp-json\/wp\/v2\/media\/3824"}],"wp:attachment":[{"href":"https:\/\/www.reversrl.it\/new\/wp-json\/wp\/v2\/media?parent=3583"}],"wp:term":[{"taxonomy":"product_cat","embeddable":true,"href":"https:\/\/www.reversrl.it\/new\/wp-json\/wp\/v2\/product_cat?post=3583"},{"taxonomy":"product_tag","embeddable":true,"href":"https:\/\/www.reversrl.it\/new\/wp-json\/wp\/v2\/product_tag?post=3583"}],"curies":[{"name":"wp","href":"https:\/\/api.w.org\/{rel}","templated":true}]}}