{"id":3640,"date":"2024-03-20T08:55:43","date_gmt":"2024-03-20T07:55:43","guid":{"rendered":"http:\/\/localhost\/rever\/?post_type=product&#038;p=3640"},"modified":"2024-12-03T18:22:04","modified_gmt":"2024-12-03T17:22:04","slug":"lettino-cannes","status":"publish","type":"product","link":"https:\/\/www.reversrl.it\/new\/prodotto\/lettino-cannes\/","title":{"rendered":"Lettino Cannes"},"content":{"rendered":"<p>Struttura: Acciaio verniciato<br \/>\nImbottitura: Tecnorev<br \/>\nFiniture: 01,02,03,04,05,06,07,08,09<br \/>\nTessuti: A, A1,B,B1,B2,C,C1,C2,C2,D,D1,D2,D3,E,Batyline<br \/>\nCorde piatte: 01,03,07,08,10,11,13,14,15,16<\/p>\n","protected":false},"excerpt":{"rendered":"<p><strong>design by Marco Piva<\/strong><\/p>\n<p>Il lettino della Collezione Cannes ha una struttura metallica nella parte sottostante ricoperta da particolari intrecci di corda che, scorrendo dall\u2019alto verso il basso e viceversa, ne percorrono tutto il perimetro. Si compone di tre cuscinature e nella parte anteriore un particolare sistema permette di avere uno schienale reclinabile all\u2019occorrenza. \u00c8 un ulteriore elemento versatile della collezione: con l\u2019aggiunta successiva di uno schienale laterale si trasforma in un sof\u00e0 tre posti privo di braccioli alle estremit\u00e0. Il Cannes lettino \u00e8 perfetto per riposare, leggere, o stendersi al sole.<\/p>\n","protected":false},"featured_media":3947,"comment_status":"open","ping_status":"closed","template":"","meta":[],"product_cat":[70],"product_tag":[55,71],"class_list":{"0":"post-3640","1":"product","2":"type-product","3":"status-publish","4":"has-post-thumbnail","6":"product_cat-lettini","7":"product_tag-cannes","8":"product_tag-lettino","10":"first","11":"instock","12":"shipping-taxable","13":"product-type-simple"},"_links":{"self":[{"href":"https:\/\/www.reversrl.it\/new\/wp-json\/wp\/v2\/product\/3640","targetHints":{"allow":["GET"]}}],"collection":[{"href":"https:\/\/www.reversrl.it\/new\/wp-json\/wp\/v2\/product"}],"about":[{"href":"https:\/\/www.reversrl.it\/new\/wp-json\/wp\/v2\/types\/product"}],"replies":[{"embeddable":true,"href":"https:\/\/www.reversrl.it\/new\/wp-json\/wp\/v2\/comments?post=3640"}],"wp:featuredmedia":[{"embeddable":true,"href":"https:\/\/www.reversrl.it\/new\/wp-json\/wp\/v2\/media\/3947"}],"wp:attachment":[{"href":"https:\/\/www.reversrl.it\/new\/wp-json\/wp\/v2\/media?parent=3640"}],"wp:term":[{"taxonomy":"product_cat","embeddable":true,"href":"https:\/\/www.reversrl.it\/new\/wp-json\/wp\/v2\/product_cat?post=3640"},{"taxonomy":"product_tag","embeddable":true,"href":"https:\/\/www.reversrl.it\/new\/wp-json\/wp\/v2\/product_tag?post=3640"}],"curies":[{"name":"wp","href":"https:\/\/api.w.org\/{rel}","templated":true}]}}