{"id":4679,"date":"2024-04-15T13:22:27","date_gmt":"2024-04-15T11:22:27","guid":{"rendered":"https:\/\/www.reversrl.it\/new\/?post_type=product&#038;p=4679"},"modified":"2024-12-03T18:14:43","modified_gmt":"2024-12-03T17:14:43","slug":"sedia-ponza-capri-ischia-pantelleria","status":"publish","type":"product","link":"https:\/\/www.reversrl.it\/new\/prodotto\/sedia-ponza-capri-ischia-pantelleria\/","title":{"rendered":"Sedia Ponza\/ Capri\/ Ischia\/ Pantelleria"},"content":{"rendered":"\r\n        <div class=\"modelViewerBlock\" data-attributes='{&quot;align&quot;:&quot;center&quot;,&quot;uniqueId&quot;:&quot;model4879&quot;,&quot;currentViewer&quot;:&quot;O3DViewer&quot;,&quot;multiple&quot;:false,&quot;model&quot;:{&quot;modelUrl&quot;:&quot;https:\\\/\\\/www.reversrl.it\\\/new\\\/wp-content\\\/uploads\\\/2024\\\/05\\\/Capri_sedie.obj&quot;,&quot;poster&quot;:&quot;&quot;},&quot;O3DVSettings&quot;:{&quot;isFullscreen&quot;:true,&quot;isPagination&quot;:false,&quot;isNavigation&quot;:true,&quot;camera&quot;:null,&quot;mouseControl&quot;:true},&quot;models&quot;:[],&quot;lazyLoad&quot;:false,&quot;loading&quot;:&quot;auto&quot;,&quot;autoplay&quot;:false,&quot;shadow&quot;:true,&quot;autoRotate&quot;:false,&quot;zoom&quot;:true,&quot;isPagination&quot;:false,&quot;isNavigation&quot;:true,&quot;preload&quot;:&quot;auto&quot;,&quot;rotationPerSecond&quot;:&quot;30&quot;,&quot;mouseControl&quot;:true,&quot;fullscreen&quot;:true,&quot;variant&quot;:false,&quot;loadingPercentage&quot;:false,&quot;progressBar&quot;:true,&quot;rotate&quot;:false,&quot;rotateAlongX&quot;:&quot;0&quot;,&quot;rotateAlongY&quot;:&quot;75&quot;,&quot;exposure&quot;:&quot;1&quot;,&quot;styles&quot;:{&quot;width&quot;:&quot;200%&quot;,&quot;height&quot;:&quot;520px&quot;,&quot;bgColor&quot;:&quot;transparent&quot;,&quot;progressBarColor&quot;:&quot;&quot;},&quot;stylesheet&quot;:null,&quot;additional&quot;:{&quot;ID&quot;:&quot;&quot;,&quot;Class&quot;:&quot;&quot;,&quot;CSS&quot;:&quot;&quot;},&quot;animation&quot;:false,&quot;woo&quot;:false,&quot;selectedAnimation&quot;:&quot;&quot;}'><\/div>\r\n\r\n        \n","protected":false},"excerpt":{"rendered":"<p><strong>design by Marco Piva<\/strong><\/p>\n<p>La versione Sedia \u00e8 una presenza accogliente e rassicurante, \u00e8 disponibile nella versione con braccioli o impilabile priva di braccioli, in varie finiture di legno Iroko che ne modificano la personalit\u00e0: classica nei toni pi\u00f9 neutri e moderna in quelli pi\u00f9 vivaci, generando un&#8217;emozione di armonia e calore.<\/p>\n","protected":false},"featured_media":4680,"comment_status":"open","ping_status":"closed","template":"","meta":[],"product_cat":[43],"product_tag":[81,82,85,86,44],"class_list":{"0":"post-4679","1":"product","2":"type-product","3":"status-publish","4":"has-post-thumbnail","6":"product_cat-sedie","7":"product_tag-capri","8":"product_tag-ischia","9":"product_tag-pantelleria","10":"product_tag-ponza","11":"product_tag-sedie","13":"first","14":"instock","15":"shipping-taxable","16":"product-type-simple"},"_links":{"self":[{"href":"https:\/\/www.reversrl.it\/new\/wp-json\/wp\/v2\/product\/4679","targetHints":{"allow":["GET"]}}],"collection":[{"href":"https:\/\/www.reversrl.it\/new\/wp-json\/wp\/v2\/product"}],"about":[{"href":"https:\/\/www.reversrl.it\/new\/wp-json\/wp\/v2\/types\/product"}],"replies":[{"embeddable":true,"href":"https:\/\/www.reversrl.it\/new\/wp-json\/wp\/v2\/comments?post=4679"}],"wp:featuredmedia":[{"embeddable":true,"href":"https:\/\/www.reversrl.it\/new\/wp-json\/wp\/v2\/media\/4680"}],"wp:attachment":[{"href":"https:\/\/www.reversrl.it\/new\/wp-json\/wp\/v2\/media?parent=4679"}],"wp:term":[{"taxonomy":"product_cat","embeddable":true,"href":"https:\/\/www.reversrl.it\/new\/wp-json\/wp\/v2\/product_cat?post=4679"},{"taxonomy":"product_tag","embeddable":true,"href":"https:\/\/www.reversrl.it\/new\/wp-json\/wp\/v2\/product_tag?post=4679"}],"curies":[{"name":"wp","href":"https:\/\/api.w.org\/{rel}","templated":true}]}}